{"id":32795,"date":"2016-08-08T23:41:09","date_gmt":"2016-08-08T21:41:09","guid":{"rendered":"https:\/\/shop.atlantismoto.com\/informacio-legal\/"},"modified":"2024-04-19T09:32:58","modified_gmt":"2024-04-19T07:32:58","slug":"informacio-legal","status":"publish","type":"page","link":"https:\/\/shop.atlantismoto.com\/ca\/informacio-legal\/","title":{"rendered":"Informaci\u00f3 Legal"},"content":{"rendered":"\t\t<div data-elementor-type=\"wp-page\" data-elementor-id=\"32795\" class=\"elementor elementor-32795 elementor-249\" data-elementor-post-type=\"page\">\n\t\t\t\t\t\t<section class=\"elementor-section elementor-top-section elementor-element elementor-element-3958191 elementor-section-boxed elementor-section-height-default elementor-section-height-default\" data-id=\"3958191\" data-element_type=\"section\">\n\t\t\t\t\t\t<div class=\"elementor-container elementor-column-gap-default\">\n\t\t\t\t\t<div class=\"elementor-column elementor-col-100 elementor-top-column elementor-element elementor-element-7fd568e\" data-id=\"7fd568e\" data-element_type=\"column\">\n\t\t\t<div class=\"elementor-widget-wrap elementor-element-populated\">\n\t\t\t\t\t\t<div class=\"elementor-element elementor-element-8efeae9 elementor-widget elementor-widget-text-editor\" data-id=\"8efeae9\" data-element_type=\"widget\" data-widget_type=\"text-editor.default\">\n\t\t\t\t<div class=\"elementor-widget-container\">\n\t\t\t\t\t\t\t\t\t<h1>Av\u00eds legal<\/h1><p>Atlantis IT, S.L.U com a responsable del present lloc web, posa a disposici\u00f3 de tots els usuaris el present document, amb el qual pret\u00e9n donar compliment a les obligacions disposades al Reglament (UE) 2016\/679 del Parlament Europeu i del Consell de 27 de abril de 2016 relatiu a la protecci\u00f3 de les persones f\u00edsiques (RGPD), la Llei Org\u00e0nica 3\/2018, de 5 de desembre, de Protecci\u00f3 de Dades Personals i garantia dels drets digitals, aix\u00ed com amb la Llei 34\/2002, de 11 de juliol, de serveis de la Societat de la Informaci\u00f3 i Comer\u00e7 Electr\u00f2nic (LSSICE o LSSI).<\/p><p>Atlantis IT, S.L.U es compromet a processar la informaci\u00f3 dels nostres usuaris amb plenes garanties i complir els requisits nacionals i europeus que regulen la recopilaci\u00f3 i \u00fas de les dades personals.<\/p><h2>Dades d&#8217;Atlantis<\/h2><p>Atlantis IT, S.L.U en compliment de la Llei 34\/2002, de 11 de juliol, de Serveis de la Societat de la Informaci\u00f3 i de Comer\u00e7 Electr\u00f2nic, l&#8217;informa que:<\/p><ul><li>Denominaci\u00f3 Social: ATLANTIS IT, S.L.U.<\/li><li>Nom Comercial: ATLANTIS IT, S.L.U.<\/li><li>N.I.F.: B66212630<\/li><li>Domicili Social: Carrer de Casp 118, 2\u00ba 1\u00aa &#8211; 08013 Barcelona<\/li><li>Tel\u00e8fon: +34 93 496 08 69<\/li><li>e-mail: <a href=\"mailto:info@atlantismoto.com\">info@atlantismoto.com<\/a><\/li><\/ul><p>Dades d&#8217;inscripci\u00f3 al Registre Mercantil de Barcelona:<\/p><p>ATLANTIS IT, SLU, Inscrita al Registre Mercantil de Barcelona, Tom 44166, Llibre foli 0217, Secci\u00f3 General, Full\/Dup. 448523, Provincia B<\/p><p>ATLANTIS IT, SLU \u00e9s una empresa innovadora de serveis, amb enginyeria pr\u00f2pia, per a la gesti\u00f3 eficient, el control i la seguretat dels recursos m\u00f2bils (autom\u00f2bils, furgonetes, camions, motos, quads, embarcacions, tractors, maquin\u00e0ria i altres b\u00e9ns) , tant d&#8217;empreses com de particulars.<\/p><h2>Objecte<\/h2><p>Aquest Av\u00eds Legal regula l&#8217;acc\u00e9s i l&#8217;\u00fas per part de qualsevol persona (\u201cUsuari\u201d) de les p\u00e0gines que integren el domini web https:\/\/shop.atlantismoto.com (\u201cp\u00e0gina web\u201d), titularitat d&#8217;ATLANTIS IT, SLU ( d&#8217;ara endavant, \u201cAtlantis\u201d).<\/p><p>L&#8217;acc\u00e9s a aquesta p\u00e0gina web o la seva utilitzaci\u00f3 per l&#8217;usuari implica necess\u00e0riament, i sense reserves, la submissi\u00f3 i l&#8217;acceptaci\u00f3 del present Av\u00eds Legal. Per tant, es recomana que l&#8217;Usuari les llegeixi detingudament cada cop que vulgui entrar a la p\u00e0gina web.<\/p><p>Atlantis es reserva la facultat d&#8217;efectuar, en qualsevol moment i sense necessitat de cap preav\u00eds, qualsevol modificaci\u00f3 o actualitzaci\u00f3 dels continguts i serveis, de les condicions generals i, en general, de quants elements integrin el disseny i la configuraci\u00f3 de la seva p\u00e0gina web.<\/p><h2>Responsabilitat<\/h2><p>ATLANTIS IT, S.L.U., \u00e9s el responsable del lloc web, posa a disposici\u00f3 dels usuaris aquest document amb qu\u00e8 pret\u00e9n donar compliment a les obligacions disposades a la Llei 34\/2002, de Serveis de la Societat de la Informaci\u00f3 i del Comer\u00e7 Electr\u00f2nic (LSSI-CE), aix\u00ed com informar tots els usuaris del lloc web respecte a quines s\u00f3n les condicions d&#8217;\u00fas del lloc web, sobre els diversos productes i serveis i continguts oferts per ATLANTIS IT, S.L.U<\/p><p>Tota persona que accedeixi a aquest lloc web assumeix el paper d&#8217;usuari, comprometent-se a l&#8217;observan\u00e7a i el compliment rigor\u00f3s de les disposicions aqu\u00ed disposades, aix\u00ed com a qualsevol altra disposici\u00f3 legal que fos aplicable:<\/p><p>L&#8217;usuari presta la seva acceptaci\u00f3 i queda obligat per les condicions que s&#8217;exposen aqu\u00ed.<\/p><p>L&#8217;usuari en utilitzar la p\u00e0gina web accepta aquestes Condicions Generals i queda obligat a fer un \u00fas correcte de la p\u00e0gina web, els serveis i els continguts allotjats de conformitat amb aquestes, amb les lleis, la bona fe, l&#8217;ordre p\u00fablic, els usos del tr\u00e0nsit i el present Av\u00eds Legal.<\/p><p>L&#8217;usuari accepta que l&#8217;\u00fas de la p\u00e0gina web, dels serveis i els continguts t\u00e9 lloc, en tot cas, sota la seva responsabilitat \u00fanica i exclusiva.<\/p><p>L&#8217;usuari respondr\u00e0 davant d&#8217;ATLANTIS IT, S.L.U. o davant de tercers, de qualssevol danys i perjudicis que poguessin causar-se com a conseq\u00fc\u00e8ncia de l&#8217;incompliment de la dita obligaci\u00f3.<\/p><p>ATLANTIS no assumeix cap responsabilitat sobre els continguts inserits pels usuaris. L&#8217;Usuari respondr\u00e0 dels danys i perjudicis de tota naturalesa, que aquella pugui patir com a conseq\u00fc\u00e8ncia de l&#8217;incompliment de qualsevol de les obligacions a qu\u00e8 queda sotm\u00e8s en virtut de les presents Condicions Generals d&#8217;\u00das, o de la Llei en relaci\u00f3 amb la utilitzaci\u00f3 del Lloc Web.<\/p><p>ATLANTIS no atorga cap garantia ni se&#8217;n fa responsable, en cap cas, dels danys i perjudicis de qualsevol naturalesa que poguessin derivar-se de l&#8217;acc\u00e9s, o \u00fas dels Continguts, o del Lloc Web.<\/p><p>ATLANTIS exclou qualsevol responsabilitat pels danys i perjudicis de tota \u00edndole, incloent-hi el lucre cessant, que poguessin deure&#8217;s als serveis prestats per tercers a trav\u00e9s del Lloc Web, aix\u00ed com, als mitjans que aquests habiliten per gestionar les sol\u00b7licituds de servei, i concretament, a manera enunciativa i no limitativa: Pels actes de compet\u00e8ncia deslleial i publicitat il\u00b7l\u00edcita, aix\u00ed com a la manca de veracitat, exactitud, exhaustivitat, vicis, defectes, pertin\u00e8ncia i\/o actualitat dels continguts difosos, emmagatzemats, rebuts, llocs a disposici\u00f3 o accessibles mitjan\u00e7ant els serveis prestats per tercers a trav\u00e9s del Lloc Web.<\/p><p>Atlantis rebutja la responsabilitat que es derivi de la mala utilitzaci\u00f3 dels continguts, aix\u00ed com es reserva el dret d&#8217;actualitzar-los, eliminar-los, limitar-los o impedir-ne l&#8217;acc\u00e9s, de manera temporal o definitiva.<\/p><p>Aix\u00ed doncs, Atlantis no garanteix la continu\u00eftat del funcionament de la p\u00e0gina web, aix\u00ed com que es trobe en tot moment operativa i disponible. Atlantis no es fa responsable dels danys i perjudicis directes o indirectes, inclosos danys en sistemes inform\u00e0tics i introducci\u00f3 de virus existents a la xarxa, derivats de la navegaci\u00f3 per Internet, necess\u00e0ria per a la visita i utilitzaci\u00f3 de la p\u00e0gina.<\/p><p>Atlantis, per tant, informa que l&#8217;acc\u00e9s a aquesta p\u00e0gina web no implica l&#8217;obligaci\u00f3 per part d&#8217;Atlantis de comprovar la veracitat, exactitud, adequaci\u00f3, idone\u00eftat, exhaustivitat i actualitat dels continguts subministrats a trav\u00e9s d&#8217;aquesta.<\/p><h2>Acc\u00e9s i \u00fas de la p\u00e0gina web<\/h2><p>Els continguts i serveis presentats a la p\u00e0gina tenen com a finalitat la difusi\u00f3 d&#8217;informaci\u00f3 sobre els serveis i els productes que ofereix i desenvolupa Atlantis. L&#8217;Usuari accedeix a la p\u00e0gina web sota la seva responsabilitat exclusiva.<\/p><p>Atlantis posar\u00e0 els mitjans raonables a la vostra disposici\u00f3 perqu\u00e8 els continguts i serveis inclosos a la seva p\u00e0gina web siguin exactes i estiguin actualitzats. Tot i aix\u00f2, no est\u00e0 en condicions de poder garantir aquesta circumst\u00e0ncia en tot moment.<\/p><p>Atlantis, encara que ha disposat mesures d&#8217;antimalware, no pot garantir l&#8217;abs\u00e8ncia de virus o altres components nocius a la p\u00e0gina o als serveis que l&#8217;allotgen.<\/p><p>L&#8217;Usuari es compromet a utilitzar els Continguts de conformitat amb la Llei i aquest Av\u00eds Legal, aix\u00ed com amb les altres condicions, reglaments i instruccions que, si escau, puguin ser aplicables. Atlantis, doncs, no respondr\u00e0 de les incid\u00e8ncies en el servei, degudes a una actuaci\u00f3 dolosa o culposa de l&#8217;usuari que estigui accedint o navegant en aquest moment.<\/p><p>En conseq\u00fc\u00e8ncia, no es responsabilitza dels danys potencials, alteracions irreparables o errors que, a causa de la pres\u00e8ncia de qualsevol virus, pugui patir el sistema inform\u00e0tic de l&#8217;Usuari quan aquest accedeixi a la p\u00e0gina o la utilitzi.<\/p><p>Atlantis no es responsabilitza dels danys i perjudicis que puguin patir els equips inform\u00e0tics de l&#8217;Usuari perqu\u00e8 aquest hagi fet servir de manera indeguda o negligent la p\u00e0gina web.<\/p><h2>Propietat intel\u00b7lectual<\/h2><p>De forma no limitativa i sense exclusi\u00f3, tots els continguts que conformen aquesta p\u00e0gina web (\u00e9s a dir, informaci\u00f3, articles, dades, textos, logos, icones, imatges, disseny i imatge de la p\u00e0gina web, aparen\u00e7a externa, fitxers de v\u00eddeo, fitxers d&#8217;\u00e0udio, bases de dades i aplicacions inform\u00e0tiques) s\u00f3n propietat d&#8217;Atlantis o est\u00e0 explotat sota llic\u00e8ncia de tercers titulars dels drets de propietat intel\u00b7lectual i\/o industrial dels continguts esmentats. Aquests estan protegits per les lleis de propietat intel\u00b7lectual internacionals i nacionals vigents.<\/p><p>L&#8217;acc\u00e9s a aquesta p\u00e0gina web no implicar\u00e0, en cap cas, cap ren\u00fancia, transmissi\u00f3 o cessi\u00f3, total ni parcial, dels drets atorgats per la legislaci\u00f3 espanyola i internacional sobre propietat intel\u00b7lectual.<\/p><h2>Propietat industrial<\/h2><p>Les refer\u00e8ncies a noms i marques comercials o registrades, aix\u00ed com els logotips o altres signes distintius presents en aquesta p\u00e0gina web es troben protegits per les lleis espanyoles i internacionals sobre propietat industrial.<\/p><p>Qualsevol usuari que, mitjan\u00e7ant una connexi\u00f3 i dispositius propis navegui sobre aquesta p\u00e0gina web, quedar\u00e0 subjecte a l&#8217;obligaci\u00f3 d&#8217;usar els serveis de manera diligent, correcta i licita.<\/p><p>Queda totalment prohibida la reproducci\u00f3, distribuci\u00f3, reutilitzaci\u00f3 i explotaci\u00f3, aix\u00ed com la transmissi\u00f3 o desc\u00e0rrega mitjan\u00e7ant qualsevol mitj\u00e0. Es prohibeix tamb\u00e9 la c\u00f2pia, l\u00fas per a modificaci\u00f3 i\/o duplicaci\u00f3, venda, revenda, i altres formes dexplotaci\u00f3 amb fins comercials o altres finalitats.<\/p><p>Aix\u00ed doncs, queda prohibit reproduir, difondre, transformar, transmetre per qualsevol mitj\u00e0, posterior publicaci\u00f3, exhibici\u00f3, comunicaci\u00f3 p\u00fablica o representaci\u00f3 total o parcial, modificar o suprimir la informaci\u00f3, els continguts o advertiments d&#8217;aquest Portal sense la pr\u00e8via autoritzaci\u00f3 escrita d&#8217;Atlantis.<\/p><p>Per tant, l&#8217;usuari es compromet a no realitzar, sota cap circumst\u00e0ncia, qualsevol acte que pugui ser considerat una vulneraci\u00f3 de qualsevol dels drets aqu\u00ed anomenats de propietat intel\u00b7lectual o industrial que pertanyen a Atlantis oa tercers presents a la p\u00e0gina web.<\/p><p>Qualsevol \u00fas sobre el contingut d&#8217;aquest web amb finalitats comercials queda prohibida. En particular, queda terminantment prohibida qualsevol classe d&#8217;utilitzaci\u00f3 de les imatges contingudes en aquest lloc, sense consentiment expr\u00e9s d&#8217;Atlantis.<\/p><p>Els usuaris que vulguin expressar possibles reclamacions derivades d&#8217;incompliments dels drets de propietat intel\u00b7lectual o industrial sobre qualsevol dels serveis oferts mitjan\u00e7ant aquesta p\u00e0gina web, hauran d&#8217;adre\u00e7ar-se a la seg\u00fcent adre\u00e7a de correu electr\u00f2nic: <a href=\"mailto:info@atlantismoto.com\">info@atlantismoto.com<\/a>.<\/p><h2>Enlla\u00e7os<\/h2><p>Des del lloc web del client \u00e9s possible que es redirigeixi a continguts de tercers llocs web. At\u00e8s que ATLANTIS no pot controlar sempre els continguts introdu\u00efts pels tercers al vostre lloc web, aquest no assumeix cap tipus de responsabilitat respecte a aquests continguts.<\/p><p>En tot cas, ATLANTIS manifesta que procedir\u00e0 a la retirada immediata de qualsevol contingut que pogu\u00e9s contravenir la legislaci\u00f3 nacional o internacional, la moral o l&#8217;ordre p\u00fablic, procedint a la retirada immediata de la redirecci\u00f3 a aquest lloc web, posant en coneixement de les autoritats competents el contingut en q\u00fcesti\u00f3.<\/p><p>Tot enlla\u00e7 hipertextual, profund, framing, o qualsevol altre tipus de connexi\u00f3 virtual a trav\u00e9s de xarxes de telecomunicaci\u00f3 des de qualsevol lloc web (\u201cenlla\u00e7os\u201d) a la p\u00e0gina web, haur\u00e0 de ser autoritzat pr\u00e8viament i per escrit per Atlantis, havent d&#8217;establir-se el enlla\u00e7 en tot cas a la p\u00e0gina inicial.<\/p><p>Tots els enlla\u00e7os a p\u00e0gines web externes (de tercers) tenen \u00fanicament una finalitat orientativa, amb l&#8217;objectiu de posar a disposici\u00f3 de l&#8217;Usuari altres fonts d&#8217;informaci\u00f3 que puguin ser del vostre inter\u00e8s.<\/p><p>Atlantis no es responsabilitza ni dels continguts ni de qualsevol altre aspecte relacionat amb p\u00e0gines web externes. En cas que l&#8217;usuari detecti que algun dels continguts pugui ser contrari a la llei o que lesioni b\u00e9ns o drets d&#8217;un tercer, poden adre\u00e7ar la seva observaci\u00f3 a <a href=\"mailto:info@atlantismoto.com\">info@atlantismoto.com<\/a> per tal de poder anul\u00b7lar aquest enlla\u00e7 o dur-los a terme accions que corresponguin.<\/p><p>Tots els enlla\u00e7os facilitats en aquest lloc web s\u00f3n oferts a l&#8217;usuari com a refer\u00e8ncies informatives, sense realitzaci\u00f3 pr\u00e8via duna valoraci\u00f3 sobre els continguts, serveis o productes oferts.<\/p><h2>Pol\u00edtica de confidencialitat i protecci\u00f3 de dades<\/h2><p>Atlantis considera fonamental la privadesa de les dades dels usuaris i, per aix\u00f2, aplica una Pol\u00edtica de Privacitat basada en els principis de protecci\u00f3 de dades de la Uni\u00f3 Europea. Per obtenir m\u00e9s informaci\u00f3 consulteu la nostra <a href=\"https:\/\/shop.atlantismoto.com\/ca\/politica-de-privacitat\/\">Pol\u00edtica de Privacitat<\/a>.<\/p><h2>Durada i modificaci\u00f3<\/h2><p>Atlantis tindr\u00e0 dret a modificar els termes i condicions aqu\u00ed estipulades per tal de millorar el servei o adaptar-se a la legislaci\u00f3 vigent,<\/p><p>A m\u00e9s, Atlantis podr\u00e0 donar per acabada, suspendre o interrompre unilateralment l&#8217;operativitat d&#8217;aquesta p\u00e0gina web, sense possibilitat de sol\u00b7licitar cap indemnitzaci\u00f3 per part de l&#8217;usuari.<\/p><h2>Den\u00fancia d&#8217;irregularitats<\/h2><p>En el sup\u00f2sit que qualsevol usuari o tercer consideri que hi ha fets i\/o circumst\u00e0ncies que revelin el car\u00e0cter il\u00b7l\u00edcit de la utilitzaci\u00f3 de qualsevol contingut, i\/o de la realitzaci\u00f3 de qualsevol activitat il\u00b7l\u00edcita a les p\u00e0gines web incloses, o accessibles a trav\u00e9s del Lloc Web, o per mitj\u00e0 dels serveis prestats all\u00e0, s&#8217;haur\u00e0 de posar en contacte amb el servei d&#8217;atenci\u00f3 al client a trav\u00e9s del correu electr\u00f2nic <a href=\"mailto:info@atlantismoto.com\">info@atlantismoto.com<\/a> o b\u00e9, mitjan\u00e7ant escrit dirigit a Atlantis a <strong>Carrer de Casp 118, 2n 1a &#8211; 08013 Barcelona<\/strong> acompanyant sempre una fotoc\u00f2pia del seu D.N.I., o document acreditatiu de l&#8217;entitat que representi.<\/p><h2>Pol\u00edtica de Cookies<\/h2><p>L&#8217;\u00fas de dispositius d&#8217;emmagatzematge i recuperaci\u00f3 de dades, tamb\u00e9 coneguts com a galetes o tecnologies similars, a trav\u00e9s de la p\u00e0gina web d&#8217;Atlantis es regir\u00e0 pel que s&#8217;estableix a la <a href=\"https:\/\/shop.atlantismoto.com\/ca\/politica-de-cookies\/\">Pol\u00edtica de Cookies<\/a>, accessible en tot moment des de la p\u00e0gina web, sent part integrant del present Av\u00eds Legal.<\/p><h2>Legislaci\u00f3 aplicable<\/h2><p>Aquests termes es regeixen per la llei espanyola i qualsevol controv\u00e8rsia se sotmetr\u00e0 als jutjats i tribunals de la ciutat de Barcelona.<\/p>\t\t\t\t\t\t\t\t<\/div>\n\t\t\t\t<\/div>\n\t\t\t\t\t<\/div>\n\t\t<\/div>\n\t\t\t\t\t<\/div>\n\t\t<\/section>\n\t\t\t\t<\/div>\n\t\t","protected":false},"excerpt":{"rendered":"<p>Av\u00eds legal Atlantis IT, S.L.U com a responsable del present lloc web, posa a disposici\u00f3 de tots els usuaris el present document, amb el qual pret\u00e9n donar compliment a les obligacions disposades al Reglament (UE) 2016\/679 del Parlament Europeu i del Consell de 27 de abril de 2016 relatiu a la protecci\u00f3 de les persones [&hellip;]<\/p>\n","protected":false},"author":6,"featured_media":0,"parent":0,"menu_order":100,"comment_status":"closed","ping_status":"closed","template":"","meta":{"_acf_changed":false,"site-sidebar-layout":"default","site-content-layout":"default","ast-site-content-layout":"default","site-content-style":"default","site-sidebar-style":"default","ast-global-header-display":"","ast-banner-title-visibility":"","ast-main-header-display":"","ast-hfb-above-header-display":"","ast-hfb-below-header-display":"","ast-hfb-mobile-header-display":"","site-post-title":"disabled","ast-breadcrumbs-content":"","ast-featured-img":"","footer-sml-layout":"","ast-disable-related-posts":"","theme-transparent-header-meta":"default","adv-header-id-meta":"","stick-header-meta":"","header-above-stick-meta":"","header-main-stick-meta":"","header-below-stick-meta":"","astra-migrate-meta-layouts":"default","ast-page-background-enabled":"default","ast-page-background-meta":{"desktop":{"background-color":"","background-image":"","background-repeat":"repeat","background-position":"center center","background-size":"auto","background-attachment":"scroll","background-type":"","background-media":"","overlay-type":"","overlay-color":"","overlay-opacity":"","overlay-gradient":""},"tablet":{"background-color":"","background-image":"","background-repeat":"repeat","background-position":"center center","background-size":"auto","background-attachment":"scroll","background-type":"","background-media":"","overlay-type":"","overlay-color":"","overlay-opacity":"","overlay-gradient":""},"mobile":{"background-color":"","background-image":"","background-repeat":"repeat","background-position":"center center","background-size":"auto","background-attachment":"scroll","background-type":"","background-media":"","overlay-type":"","overlay-color":"","overlay-opacity":"","overlay-gradient":""}},"ast-content-background-meta":{"desktop":{"background-color":"var(--ast-global-color-5)","background-image":"","background-repeat":"repeat","background-position":"center center","background-size":"auto","background-attachment":"scroll","background-type":"","background-media":"","overlay-type":"","overlay-color":"","overlay-opacity":"","overlay-gradient":""},"tablet":{"background-color":"var(--ast-global-color-5)","background-image":"","background-repeat":"repeat","background-position":"center center","background-size":"auto","background-attachment":"scroll","background-type":"","background-media":"","overlay-type":"","overlay-color":"","overlay-opacity":"","overlay-gradient":""},"mobile":{"background-color":"var(--ast-global-color-5)","background-image":"","background-repeat":"repeat","background-position":"center center","background-size":"auto","background-attachment":"scroll","background-type":"","background-media":"","overlay-type":"","overlay-color":"","overlay-opacity":"","overlay-gradient":""}},"footnotes":""},"class_list":["post-32795","page","type-page","status-publish","hentry"],"acf":[],"_links":{"self":[{"href":"https:\/\/shop.atlantismoto.com\/ca\/wp-json\/wp\/v2\/pages\/32795","targetHints":{"allow":["GET"]}}],"collection":[{"href":"https:\/\/shop.atlantismoto.com\/ca\/wp-json\/wp\/v2\/pages"}],"about":[{"href":"https:\/\/shop.atlantismoto.com\/ca\/wp-json\/wp\/v2\/types\/page"}],"author":[{"embeddable":true,"href":"https:\/\/shop.atlantismoto.com\/ca\/wp-json\/wp\/v2\/users\/6"}],"replies":[{"embeddable":true,"href":"https:\/\/shop.atlantismoto.com\/ca\/wp-json\/wp\/v2\/comments?post=32795"}],"version-history":[{"count":0,"href":"https:\/\/shop.atlantismoto.com\/ca\/wp-json\/wp\/v2\/pages\/32795\/revisions"}],"wp:attachment":[{"href":"https:\/\/shop.atlantismoto.com\/ca\/wp-json\/wp\/v2\/media?parent=32795"}],"curies":[{"name":"wp","href":"https:\/\/api.w.org\/{rel}","templated":true}]}}