{"id":32633,"date":"2018-05-25T05:42:43","date_gmt":"2018-05-25T03:42:43","guid":{"rendered":"https:\/\/shop.atlantismoto.com\/politica-de-privacitat\/"},"modified":"2024-04-19T09:35:13","modified_gmt":"2024-04-19T07:35:13","slug":"politica-de-privacitat","status":"publish","type":"page","link":"https:\/\/shop.atlantismoto.com\/ca\/politica-de-privacitat\/","title":{"rendered":"Pol\u00edtica de privacitat"},"content":{"rendered":"\t\t<div data-elementor-type=\"wp-page\" data-elementor-id=\"32633\" class=\"elementor elementor-32633 elementor-2706\" data-elementor-post-type=\"page\">\n\t\t\t\t\t\t<section class=\"elementor-section elementor-top-section elementor-element elementor-element-37dad175 elementor-section-boxed elementor-section-height-default elementor-section-height-default\" data-id=\"37dad175\" data-element_type=\"section\">\n\t\t\t\t\t\t<div class=\"elementor-container elementor-column-gap-default\">\n\t\t\t\t\t<div class=\"elementor-column elementor-col-100 elementor-top-column elementor-element elementor-element-41d08a10\" data-id=\"41d08a10\" data-element_type=\"column\">\n\t\t\t<div class=\"elementor-widget-wrap elementor-element-populated\">\n\t\t\t\t\t\t<div class=\"elementor-element elementor-element-31042f5 elementor-widget elementor-widget-text-editor\" data-id=\"31042f5\" data-element_type=\"widget\" data-widget_type=\"text-editor.default\">\n\t\t\t\t<div class=\"elementor-widget-container\">\n\t\t\t\t\t\t\t\t\t<h1>Pol\u00edtica de privacitat i protecci\u00f3 de dades personals<\/h1>\n<p>Mitjan\u00e7ant aquesta Pol\u00edtica de Privacitat, Atlantis IT, S.L.U (d&#8217;ara endavant, \u201cAtlantis\u201d) pret\u00e9n mostrar el seu comprom\u00eds relacionat amb el compliment de les legislacions i normatives derivades del tractament de dades personals.<\/p>\n<p>En concret, Atlantis manifesta el seu comprom\u00eds en les normatives seg\u00fcents orientades a la protecci\u00f3 de dades de car\u00e0cter personals:<\/p>\n<ul>\n<li>Reglament (UE) 2016\/679 del Parlament Europeu i del Consell, de 27 d&#8217;abril del 2016, relatiu a la protecci\u00f3 de les persones f\u00edsiques quant al tractament de dades personals ia la lliure circulaci\u00f3 d&#8217;aquestes dades (RGPD).<\/li>\n<li>Llei Org\u00e0nica 3\/2018, del 5 de desembre, de Protecci\u00f3 de Dades Personals i Garantia dels Drets Digitals (LOPDGDD).<\/li>\n<li>Llei 34\/2002, de 11 de juliol, de serveis de la societat de la informaci\u00f3 i de comer\u00e7 electr\u00f2nic (LSSI).<\/li>\n<\/ul>\n<p>Atlantis, com a responsable del present lloc web, de conformitat amb les normatives esmentades, comunica que t\u00e9 implementades les mesures de seguretat necess\u00e0ries, de car\u00e0cter t\u00e8cnic i organitzatiu, per garantir i protegir la confidencialitat, integritat i disponibilitat de les dades.<\/p>\n<p>A continuaci\u00f3, us indiquem en detall els tractaments de dades personals que realitzem, aix\u00ed com tota la informaci\u00f3 relativa a aquestes.<\/p>\n<h2>Qui \u00e9s el responsable del tractament de les dades personals?<\/h2>\n<ul>\n<li>Identitat: Atlantis IT S.L.U<\/li>\n<li>CIF: B66212630<\/li>\n<li>Direcci\u00f3 postal: Carrer de Casp 118, 2\u00ba 1\u00ba &#8211; 08013 Barcelona<\/li>\n<li>Tel\u00e8fon: +34 93 496 08 69<\/li>\n<li>Correu electr\u00f2nic: <a href=\"mailto:info@atlantismoto.com\">info@atlantismoto.com<\/a><\/li>\n<\/ul>\n<h2>Quina \u00e9s la finalitat del tractament de les vostres dades?<\/h2>\n<p>La recollida i el tractament de les dades personals que es faciliten a Atlantis a trav\u00e9s d&#8217;aquesta p\u00e0gina web es fan d&#8217;acord amb la legislaci\u00f3 vigent en mat\u00e8ria de protecci\u00f3 de dades, i amb la finalitat exclusiva de garantir el servei sol\u00b7licitat.<\/p>\n<p>Aix\u00ed mateix, en el cas que adquiriu un producte a trav\u00e9s de la nostra p\u00e0gina web, utilitzarem les vostres dades per tramitar tot el proc\u00e9s de compra i adquisici\u00f3 del producte. Aquestes dades s&#8217;han de guardar mentre es puguin derivar responsabilitats mercantils o fiscals.<\/p>\n<p>Tractarem les dades facilitades per les persones interessades en els nostres productes per gestionar els seus dubtes i consultes sobre aquests. Aquestes dades es guardaran durant el temps requerit per atendre la vostra petici\u00f3.<\/p>\n\t\t\t\t\t\t\t\t<\/div>\n\t\t\t\t<\/div>\n\t\t\t\t<div class=\"elementor-element elementor-element-2000b7e uael-header-sticky-no uael-border-yes elementor-widget elementor-widget-uael-table\" data-id=\"2000b7e\" data-element_type=\"widget\" data-widget_type=\"uael-table.default\">\n\t\t\t\t<div class=\"elementor-widget-container\">\n\t\t\t\t\t<div itemscope class=\"uael-table-wrapper\" itemtype=\"http:\/\/schema.org\/Table\">\n\t\t<table id=\"uael-table-id-2000b7e\" class=\"uael-text-break uael-column-rules uael-table\" data-sort-table=\"no\" data-show-entry=\"no\" data-searchable=\"no\" data-responsive=\"no\">\n\t\t\t\t<thead>\n\t\t\t\t\t\t\t\t\t\t<tr class=\"uael-table-row\">\n\t\t\t\t\t\t\t\t\t\t\t\t\t<th data-sort=\"0\" class=\"sort-this elementor-repeater-item-ad4ebbf uael-table-col uael-table-head-cell-text\" scope=\"col\">\n\t\t\t\t\t\t\t<span class=\"sort-style\">\n\t\t\t\t\t\t\t<span class=\"uael-table__text\">\n\t\t\t\t\t\t\t\t\t\t\t\t\t\t\t\t\t\t\t\t\t\t\t\t\t\t\t\t\t\t\t\t\t\t<span class=\"uael-table__text-inner\">Tractament<\/span>\n\n\t\t\t\t\t\t\t\t\t\t\t\t\t\t\t\t\t\t\t\t\t\t\t\t\t\t\t\t\t\t\t\t\t<\/span>\n\t\t\t\t\t\t\t\t\t\t\t\t\t\t<\/span>\n\t\t\t\t\t\t<\/th>\n\t\t\t\t\t\t\t\t\t\t\t\t<th data-sort=\"1\" class=\"sort-this elementor-repeater-item-9279689 uael-table-col uael-table-head-cell-text\" scope=\"col\">\n\t\t\t\t\t\t\t<span class=\"sort-style\">\n\t\t\t\t\t\t\t<span class=\"uael-table__text\">\n\t\t\t\t\t\t\t\t\t\t\t\t\t\t\t\t\t\t\t\t\t\t\t\t\t\t\t\t\t\t\t\t\t\t<span class=\"uael-table__text-inner\">Perqu\u00e8 farem servir les vostres dades<\/span>\n\n\t\t\t\t\t\t\t\t\t\t\t\t\t\t\t\t\t\t\t\t\t\t\t\t\t\t\t\t\t\t\t\t\t<\/span>\n\t\t\t\t\t\t\t\t\t\t\t\t\t\t<\/span>\n\t\t\t\t\t\t<\/th>\n\t\t\t\t\t\t\t\t\t\t\t\t<th data-sort=\"2\" class=\"sort-this elementor-repeater-item-5c2c4ec uael-table-col uael-table-head-cell-text\" scope=\"col\">\n\t\t\t\t\t\t\t<span class=\"sort-style\">\n\t\t\t\t\t\t\t<span class=\"uael-table__text\">\n\t\t\t\t\t\t\t\t\t\t\t\t\t\t\t\t\t\t\t\t\t\t\t\t\t\t\t\t\t\t\t\t\t\t<span class=\"uael-table__text-inner\">Termini de conservaci\u00f3<\/span>\n\n\t\t\t\t\t\t\t\t\t\t\t\t\t\t\t\t\t\t\t\t\t\t\t\t\t\t\t\t\t\t\t\t\t<\/span>\n\t\t\t\t\t\t\t\t\t\t\t\t\t\t<\/span>\n\t\t\t\t\t\t<\/th>\n\t\t\t\t\t\t\t\t<\/thead>\n\t\t\t\t<tbody>\n\t\t\t<!-- ROWS -->\n\t\t\t\t\t\t\t\t\t\t<tr data-entry=\"1\" class=\"uael-table-row\">\n\t\t\t\t\t\t\t\t\t\t\t\t\t\t\t\t\t<td class=\"uael-table-col uael-table-body-cell-text elementor-repeater-item-7b166ad\" data-title=\"Tractament\">\n\t\t\t\t\t\t\t\t\t\t\t\t\t\t\t<span class=\"uael-table__text\">\n\t\t\t\t\t\t\t\t\t\t\t\t\t\t\t\t\t\t\t\t\t\t\t\t\t\t\t\t\t\t\t\t\t\t\t\t\t<span class=\"uael-table__text-inner\">Usuaris web i atenci\u00f3 al consumidor<\/span>\n\t\t\t\t\t\t\t\t\t\t\t\t\t\t\t\t\t\t\t\t\t\t\t\t\t\t\t\t\t\t\t\t\t\t\t\t<\/span>\n\t\t\t\t\t\t\t\t\t\t\t\t\t<\/td>\n\t\t\t\t\t\t\t\t\t\t\t\t\t<td class=\"uael-table-col uael-table-body-cell-text elementor-repeater-item-5a73e2d\" data-title=\"Perqu\u00e8 farem servir les vostres dades\">\n\t\t\t\t\t\t\t\t\t\t\t\t\t\t\t<span class=\"uael-table__text\">\n\t\t\t\t\t\t\t\t\t\t\t\t\t\t\t\t\t\t\t\t\t\t\t\t\t\t\t\t\t\t\t\t\t\t\t\t\t<span class=\"uael-table__text-inner\">Tractarem la informaci\u00f3 que ens faciliten les persones interessades per tal d'atendre la seva sol\u00b7licitud, registrar, gestionar les sol\u00b7licituds, requeriments o dubtes dels usuaris que puguin fer via web i enviar-li comunicacions comercials i\/o newsletters. En cas que no faciliti les vostres dades personals, no podrem complir amb les funcionalitats descrites anteriorment.<\/span>\n\t\t\t\t\t\t\t\t\t\t\t\t\t\t\t\t\t\t\t\t\t\t\t\t\t\t\t\t\t\t\t\t\t\t\t\t<\/span>\n\t\t\t\t\t\t\t\t\t\t\t\t\t<\/td>\n\t\t\t\t\t\t\t\t\t\t\t\t\t<td class=\"uael-table-col uael-table-body-cell-text elementor-repeater-item-862e314\" data-title=\"Termini de conservaci\u00f3\">\n\t\t\t\t\t\t\t\t\t\t\t\t\t\t\t<span class=\"uael-table__text\">\n\t\t\t\t\t\t\t\t\t\t\t\t\t\t\t\t\t\t\t\t\t\t\t\t\t\t\t\t\t\t\t\t\t\t\t\t\t<span class=\"uael-table__text-inner\">Les dades es conservaran mentre l'interessat no sol\u00b7licite la supressi\u00f3.<\/span>\n\t\t\t\t\t\t\t\t\t\t\t\t\t\t\t\t\t\t\t\t\t\t\t\t\t\t\t\t\t\t\t\t\t\t\t\t<\/span>\n\t\t\t\t\t\t\t\t\t\t\t\t\t<\/td>\n\t\t\t\t\t\t\t\t\t\t\t\t\t\t<\/tr><tr data-entry=\"2\" class=\"uael-table-row\">\n\t\t\t\t\t\t\t\t\t\t\t\t\t\t\t\t\t\t<td class=\"uael-table-col uael-table-body-cell-text elementor-repeater-item-ff4a654\" data-title=\"Tractament\">\n\t\t\t\t\t\t\t\t\t\t\t\t\t\t\t<span class=\"uael-table__text\">\n\t\t\t\t\t\t\t\t\t\t\t\t\t\t\t\t\t\t\t\t\t\t\t\t\t\t\t\t\t\t\t\t\t\t\t\t\t<span class=\"uael-table__text-inner\">Dades personals del correu electr\u00f2nic<\/span>\n\t\t\t\t\t\t\t\t\t\t\t\t\t\t\t\t\t\t\t\t\t\t\t\t\t\t\t\t\t\t\t\t\t\t\t\t<\/span>\n\t\t\t\t\t\t\t\t\t\t\t\t\t<\/td>\n\t\t\t\t\t\t\t\t\t\t\t\t\t<td class=\"uael-table-col uael-table-body-cell-text elementor-repeater-item-b09dd92\" data-title=\"Perqu\u00e8 farem servir les vostres dades\">\n\t\t\t\t\t\t\t\t\t\t\t\t\t\t\t<span class=\"uael-table__text\">\n\t\t\t\t\t\t\t\t\t\t\t\t\t\t\t\t\t\t\t\t\t\t\t\t\t\t\t\t\t\t\t\t\t\t\t\t\t<span class=\"uael-table__text-inner\">Tractarem la informaci\u00f3 que ens faciliten les persones interessades per tal de prestar-vos els serveis que ens heu sol\u00b7licitat, atendre les vostres sol\u00b7licituds d'informaci\u00f3 i enviar-vos comunicacions comercials. En cas que no faciliti les vostres dades personals, no podrem complir amb les funcionalitats descrites anteriorment.<\/span>\n\t\t\t\t\t\t\t\t\t\t\t\t\t\t\t\t\t\t\t\t\t\t\t\t\t\t\t\t\t\t\t\t\t\t\t\t<\/span>\n\t\t\t\t\t\t\t\t\t\t\t\t\t<\/td>\n\t\t\t\t\t\t\t\t\t\t\t\t\t<td class=\"uael-table-col uael-table-body-cell-text elementor-repeater-item-357b9ef\" data-title=\"Termini de conservaci\u00f3\">\n\t\t\t\t\t\t\t\t\t\t\t\t\t\t\t<span class=\"uael-table__text\">\n\t\t\t\t\t\t\t\t\t\t\t\t\t\t\t\t\t\t\t\t\t\t\t\t\t\t\t\t\t\t\t\t\t\t\t\t\t<span class=\"uael-table__text-inner\">Les dades es conservaran mentre l'interessat no sol\u00b7liciti la supressi\u00f3.<\/span>\n\t\t\t\t\t\t\t\t\t\t\t\t\t\t\t\t\t\t\t\t\t\t\t\t\t\t\t\t\t\t\t\t\t\t\t\t<\/span>\n\t\t\t\t\t\t\t\t\t\t\t\t\t<\/td>\n\t\t\t\t\t\t\t\t\t<\/tbody>\n\t<\/table>\n\t\t<\/div>\n\t\t\t\t<\/div>\n\t\t\t\t<\/div>\n\t\t\t\t<div class=\"elementor-element elementor-element-2794138 elementor-widget elementor-widget-text-editor\" data-id=\"2794138\" data-element_type=\"widget\" data-widget_type=\"text-editor.default\">\n\t\t\t\t<div class=\"elementor-widget-container\">\n\t\t\t\t\t\t\t\t\tLes dades personals que les persones interessades hagin lliurat a Atlantis es tractaran \u00fanicament per tal de qu\u00e8 van ser informades i que van autoritzar.\n\nLa base legal per al tractament de les dades de les persones interessades \u00e9s l&#8217;execuci\u00f3 de la relaci\u00f3 o serveis efectuats amb Atlantis.\n\nEn cap cas no es prendran decisions automatitzades a partir de les dades facilitades.\n<h2>Quina \u00e9s la base de legitimaci\u00f3 del tractament de les vostres dades?<\/h2>\nAtlantis informa que tractar\u00e0 les seves dades, atenent la finalitat sol\u00b7licitada, segons:\n<ul>\n \t<li>El seu consentiment,<\/li>\n \t<li>Execuci\u00f3 de la compra,<\/li>\n \t<li>Compliment legal i\/o Inter\u00e8s leg\u00edtim.<\/li>\n<\/ul>\nPer tant, la base legal per al tractament de les dades \u00e9s el consentiment atorgat per les persones interessades per dur a terme les finalitats anteriorment descrites.\n\nEl fet de no facilitar les dades personals sol\u00b7licitades o no acceptar aquesta pol\u00edtica de protecci\u00f3 de dades suposar\u00e0 la impossibilitat de subscriure&#8217;s, registrar-se o rebre informaci\u00f3 dels productes i serveis del prestador.\n<h2>Qui \u00e9s el destinatari de les dades?<\/h2>\nCom a norma general, Atlantis \u00fanicament comunicar\u00e0 dades de car\u00e0cter personals a terceres parts en els casos necessaris per poder desenvolupar una prestaci\u00f3 adequada del servei sol\u00b7licitat.\n\nAix\u00ed doncs, Atlantis podr\u00e0 cedir les dades de car\u00e0cter personals per complir les obligacions legals o fiscals o per al correcte desenvolupament de determinats processos.\n<h2>Quins s\u00f3n els seus exercicis de dret en mat\u00e8ria de protecci\u00f3 de dades?<\/h2>\nEl consentiment atorgat \u00e9s per a totes les finalitats indicades, la base legal de les quals \u00e9s el consentiment de linteressat. Teniu dret a retirar aquest consentiment en qualsevol moment, sense que aix\u00f2 afecti la licitud del tractament basat en el consentiment previ a la seva retirada.\n\nAtlantis informa que podr\u00e0 exercir el seu dret d&#8217;acc\u00e9s, rectificaci\u00f3, supressi\u00f3, oposici\u00f3, limitaci\u00f3 de tractament, portabilitat i oblit, aix\u00ed com retirar el seu consentiment posant-se en contacte, mitjan\u00e7ant correu electr\u00f2nic, a la seg\u00fcent adre\u00e7a: <a href=\"mailto:info@atlantismoto.com\">info@atlantismoto.com<\/a>.\n\nTamb\u00e9 podreu exercir els vostres drets posant-vos en contacte mitjan\u00e7ant correu postal a la seg\u00fcent adre\u00e7a: Carrer de Casp 118, 2\u00ba 1\u00ba &#8211; 08013 Barcelona\n\nL&#8217;usuari haur\u00e0 d&#8217;especificar quin dret voldr\u00e1 exercitar, aix\u00ed com c\u00f2pia de les vostres dades identificatives (ex. DNI\/Passaport). En cas que, per verificar la seva identitat, necessitem dades addicionals dels que ens faciliti, us ho farem saber.\n\nA m\u00e9s, podreu interposar reclamaci\u00f3 davant l&#8217;Ag\u00e8ncia Espanyola de Protecci\u00f3 de Dades.\n<h2>Veracitat i actualitzaci\u00f3 de les vostres dades<\/h2>\nL&#8217;usuari garanteix que les dades aportades s\u00f3n vertaderes, exactes, completes i actualitzades, i \u00e9s responsable de qualsevol dany o perjudici, directe o indirecte, que es pugui ocasionar a conseq\u00fc\u00e8ncia de l&#8217;incompliment de tal obligaci\u00f3.\n<h2>Actualitzaci\u00f3 de la pol\u00edtica de privacitat<\/h2>\nAquesta pol\u00edtica de privacitat ha estat actualitzada al febrer de 2022.\n\nAtlantis, en el cas d&#8217;actualitzar aquesta Pol\u00edtica de Privacitat publicar\u00e0 les successives versions a la present web.\t\t\t\t\t\t\t\t<\/div>\n\t\t\t\t<\/div>\n\t\t\t\t\t<\/div>\n\t\t<\/div>\n\t\t\t\t\t<\/div>\n\t\t<\/section>\n\t\t\t\t<\/div>\n\t\t","protected":false},"excerpt":{"rendered":"<p>Pol\u00edtica de privacitat i protecci\u00f3 de dades personals Mitjan\u00e7ant aquesta Pol\u00edtica de Privacitat, Atlantis IT, S.L.U (d&#8217;ara endavant, \u201cAtlantis\u201d) pret\u00e9n mostrar el seu comprom\u00eds relacionat amb el compliment de les legislacions i normatives derivades del tractament de dades personals. En concret, Atlantis manifesta el seu comprom\u00eds en les normatives seg\u00fcents orientades a la protecci\u00f3 de [&hellip;]<\/p>\n","protected":false},"author":6,"featured_media":0,"parent":0,"menu_order":11,"comment_status":"closed","ping_status":"closed","template":"","meta":{"_acf_changed":false,"site-sidebar-layout":"default","site-content-layout":"default","ast-site-content-layout":"default","site-content-style":"default","site-sidebar-style":"default","ast-global-header-display":"","ast-banner-title-visibility":"","ast-main-header-display":"","ast-hfb-above-header-display":"","ast-hfb-below-header-display":"","ast-hfb-mobile-header-display":"","site-post-title":"","ast-breadcrumbs-content":"","ast-featured-img":"","footer-sml-layout":"","ast-disable-related-posts":"","theme-transparent-header-meta":"default","adv-header-id-meta":"","stick-header-meta":"","header-above-stick-meta":"","header-main-stick-meta":"","header-below-stick-meta":"","astra-migrate-meta-layouts":"default","ast-page-background-enabled":"default","ast-page-background-meta":{"desktop":{"background-color":"","background-image":"","background-repeat":"repeat","background-position":"center center","background-size":"auto","background-attachment":"scroll","background-type":"","background-media":"","overlay-type":"","overlay-color":"","overlay-opacity":"","overlay-gradient":""},"tablet":{"background-color":"","background-image":"","background-repeat":"repeat","background-position":"center center","background-size":"auto","background-attachment":"scroll","background-type":"","background-media":"","overlay-type":"","overlay-color":"","overlay-opacity":"","overlay-gradient":""},"mobile":{"background-color":"","background-image":"","background-repeat":"repeat","background-position":"center center","background-size":"auto","background-attachment":"scroll","background-type":"","background-media":"","overlay-type":"","overlay-color":"","overlay-opacity":"","overlay-gradient":""}},"ast-content-background-meta":{"desktop":{"background-color":"var(--ast-global-color-5)","background-image":"","background-repeat":"repeat","background-position":"center center","background-size":"auto","background-attachment":"scroll","background-type":"","background-media":"","overlay-type":"","overlay-color":"","overlay-opacity":"","overlay-gradient":""},"tablet":{"background-color":"var(--ast-global-color-5)","background-image":"","background-repeat":"repeat","background-position":"center center","background-size":"auto","background-attachment":"scroll","background-type":"","background-media":"","overlay-type":"","overlay-color":"","overlay-opacity":"","overlay-gradient":""},"mobile":{"background-color":"var(--ast-global-color-5)","background-image":"","background-repeat":"repeat","background-position":"center center","background-size":"auto","background-attachment":"scroll","background-type":"","background-media":"","overlay-type":"","overlay-color":"","overlay-opacity":"","overlay-gradient":""}},"footnotes":""},"class_list":["post-32633","page","type-page","status-publish","hentry"],"acf":[],"_links":{"self":[{"href":"https:\/\/shop.atlantismoto.com\/ca\/wp-json\/wp\/v2\/pages\/32633","targetHints":{"allow":["GET"]}}],"collection":[{"href":"https:\/\/shop.atlantismoto.com\/ca\/wp-json\/wp\/v2\/pages"}],"about":[{"href":"https:\/\/shop.atlantismoto.com\/ca\/wp-json\/wp\/v2\/types\/page"}],"author":[{"embeddable":true,"href":"https:\/\/shop.atlantismoto.com\/ca\/wp-json\/wp\/v2\/users\/6"}],"replies":[{"embeddable":true,"href":"https:\/\/shop.atlantismoto.com\/ca\/wp-json\/wp\/v2\/comments?post=32633"}],"version-history":[{"count":0,"href":"https:\/\/shop.atlantismoto.com\/ca\/wp-json\/wp\/v2\/pages\/32633\/revisions"}],"wp:attachment":[{"href":"https:\/\/shop.atlantismoto.com\/ca\/wp-json\/wp\/v2\/media?parent=32633"}],"curies":[{"name":"wp","href":"https:\/\/api.w.org\/{rel}","templated":true}]}}